{"id":490,"date":"2020-09-18T18:11:14","date_gmt":"2020-09-18T16:11:14","guid":{"rendered":"http:\/\/constans-group.pl\/?page_id=490"},"modified":"2020-09-18T18:12:00","modified_gmt":"2020-09-18T16:12:00","slug":"uslugi-kadrowo-placowe","status":"publish","type":"page","link":"https:\/\/constans-group.pl\/?page_id=490","title":{"rendered":"US\u0141UGI KADROWO-P\u0141ACOWE"},"content":{"rendered":"<p>[et_pb_section fb_built=&#8221;1&#8243; fullwidth=&#8221;on&#8221; admin_label=&#8221;Hero&#8221; _builder_version=&#8221;3.17.2&#8243; background_image=&#8221;http:\/\/constans-group.pl\/wp-content\/uploads\/2020\/09\/t1-4-scaled.jpg&#8221; parallax=&#8221;on&#8221; custom_padding=&#8221;0px|0|0px|0px|false|false&#8221;][et_pb_fullwidth_slider _builder_version=&#8221;3.17.2&#8243;][et_pb_slide use_bg_overlay=&#8221;on&#8221; _builder_version=&#8221;3.17.2&#8243; background_image=&#8221;http:\/\/constans-group.pl\/wp-content\/uploads\/2020\/09\/3.jpeg&#8221;]<\/p>\n<p>&nbsp;<\/p>\n<p>&nbsp;<\/p>\n<p>&nbsp;<\/p>\n<p>&nbsp;<\/p>\n<p>&nbsp;<\/p>\n<p>&nbsp;<\/p>\n<p>&nbsp;<\/p>\n<p>&nbsp;<\/p>\n<p>&nbsp;<\/p>\n<p>[\/et_pb_slide][\/et_pb_fullwidth_slider][\/et_pb_section][et_pb_section fb_built=&#8221;1&#8243; admin_label=&#8221;Our Services&#8221; _builder_version=&#8221;3.17.2&#8243; background_image=&#8221;http:\/\/constans-group.pl\/wp-content\/uploads\/2020\/09\/BAC_1-4-scaled.jpg&#8221; custom_padding=&#8221;54px|0px|62px|0px|false|false&#8221;][et_pb_row _builder_version=&#8221;3.17.2&#8243;][et_pb_column type=&#8221;4_4&#8243; _builder_version=&#8221;3.0.47&#8243; parallax=&#8221;off&#8221; parallax_method=&#8221;on&#8221;][et_pb_text _builder_version=&#8221;3.17.2&#8243; text_font=&#8221;||||||||&#8221; text_text_color=&#8221;#1a0052&#8243; header_font=&#8221;||||||||&#8221; header_text_color=&#8221;#1a0052&#8243;]<\/p>\n<h3 style=\"text-align: center;\"><strong>US\u0141UGI KADROWO-P\u0141ACOWE<\/strong><\/h3>\n<p><strong>\u00a0<\/strong><\/p>\n<p style=\"text-align: center;\"><strong>Zapewniamy kompleksow\u0105 obs\u0142ug\u0119 kadrowo-p\u0142acow\u0105. Profesjonalna i rzetelnie prowadzona dokumentacja stanowi kluczowy element funkcjonowania ka\u017cdej firmy.<\/strong><br \/>\n<strong> Z do\u015bwiadczenia wiemy, \u017ce zgodne z przepisami rozliczenia wynagrodze\u0144 oraz prawid\u0142owo uporz\u0105dkowana dokumentacja kadrowo-p\u0142acowa istotnie wp\u0142ywa na bezpiecze\u0144stwo prowadzonej dzia\u0142alno\u015bci.<\/strong><\/p>\n<p style=\"text-align: center;\"><strong> Oferujemy pomoc we wszelkich obowi\u0105zkach zwi\u0105zanych z naliczaniem wynagrodze\u0144, sporz\u0105dzaniem deklaracji oraz prowadzeniem dokumentacji pracowniczej. Zakres us\u0142ug kadrowo-p\u0142acowych obejmuje:<\/strong><\/p>\n<p style=\"text-align: center;\"><strong>\u00a0<\/strong><\/p>\n<p>[\/et_pb_text][et_pb_toggle title=&#8221; 1. Obs\u0142uga kadrowa pracownik\u00f3w, zleceniobiorc\u00f3w i cudzoziemc\u00f3w&#8221; closed_toggle_text_color=&#8221;#ffffff&#8221; closed_toggle_background_color=&#8221;#2e2757 &#8221; icon_color=&#8221;#c5310d&#8221; _builder_version=&#8221;3.17.2&#8243; box_shadow_style=&#8221;preset2&#8243; animation_style=&#8221;fold&#8221;]<\/p>\n<p>kompleksowe prowadzenie dokumentacji kadrowej;<br \/>\nprzygotowywanie um\u00f3w o prac\u0119, zgodnie\u00a0z obowi\u0105zuj\u0105cymi przepisami i wewn\u0119trznymi regulacjami;<br \/>\nrozliczanie pracownik\u00f3w z wykorzystywanych dni urlop\u00f3w wypoczynkowych oraz innych przerw w wykonywaniu pracy, w tym urlop\u00f3w okoliczno\u015bciowych, wychowawczych, zwolnie\u0144 lekarskich i innych, stosownie do przepis\u00f3w Kodeksu Pracy<br \/>\nrejestracja pracownik\u00f3w i cz\u0142onk\u00f3w ich rodzin w ZUS<br \/>\nprowadzenie ewidencji obowi\u0105zkowych bada\u0144 lekarskich\u00a0pracownik\u00f3w, szkole\u0144 BHP i kontrola ich aktualno\u015bci;<br \/>\nsporz\u0105dzanie i wydawanie \u015bwiadectw pracy,<br \/>\nrejestracja i rozliczenia cudzoziemc\u00f3w<br \/>\nrozliczanie godzin w r\u00f3\u017cnych systemach czasu pracy (podstawowy, r\u00f3wnowa\u017cny, zadaniowy) i w r\u00f3\u017cnych okresach rozliczeniowych<\/p>\n<p>[\/et_pb_toggle][et_pb_toggle title=&#8221;2. Obs\u0142uga p\u0142acowa pracownik\u00f3w i zleceniobiorc\u00f3w&#8221; closed_toggle_text_color=&#8221;#ffffff&#8221; closed_toggle_background_color=&#8221;#2e2757 &#8221; icon_color=&#8221;#c5310d&#8221; _builder_version=&#8221;3.17.2&#8243; box_shadow_style=&#8221;preset2&#8243; animation_style=&#8221;fold&#8221;]<\/p>\n<p>sporz\u0105dzanie miesi\u0119cznych list p\u0142ac zawieraj\u0105cych wszystkie pozycje wynagrodze\u0144;<br \/>\nprowadzenie kartotek wynagrodze\u0144;<br \/>\nwystawianie za\u015bwiadcze\u0144 o dochodach, zatrudnieniu, ERP-7;<br \/>\nrozliczenia potr\u0105ce\u0144 komorniczych,<br \/>\nnaliczanie odpraw<\/p>\n<p>[\/et_pb_toggle][et_pb_toggle title=&#8221;3. Obs\u0142uga podatkowa&#8221; closed_toggle_text_color=&#8221;#ffffff&#8221; closed_toggle_background_color=&#8221;#2e2757 &#8221; icon_color=&#8221;#c5310d&#8221; _builder_version=&#8221;3.17.2&#8243; box_shadow_style=&#8221;preset2&#8243; animation_style=&#8221;fold&#8221;]<\/p>\n<p>rozliczanie miesi\u0119cznych zaliczek z tytu\u0142u podatku dochodowego pracownik\u00f3w,<\/p>\n<p>w tym sporz\u0105dzanie informacji rocznych o uzyskanych dochodach PIT-11, IFT-1\/IFT-2,, PIT 4R, PIT 8AR<\/p>\n<p>[\/et_pb_toggle][et_pb_toggle title=&#8221;4. Obs\u0142uga ZUS&#8221; closed_toggle_text_color=&#8221;#ffffff&#8221; closed_toggle_background_color=&#8221;#2e2757 &#8221; icon_color=&#8221;#c5310d&#8221; _builder_version=&#8221;3.17.2&#8243; box_shadow_style=&#8221;preset2&#8243; animation_style=&#8221;fold&#8221;]<\/p>\n<p>kompleksow\u0105 obs\u0142ug\u0119 rozlicze\u0144 z ZUS, w tym naliczanie sk\u0142adek i sporz\u0105dzanie deklaracji i raport\u00f3w ZUS;<br \/>\nsporz\u0105dzanie, komplementowanie i przekazywanie do ZUS dokumentacji niezb\u0119dnej do uzyskania \u015bwiadcze\u0144 z ubezpieczenia chorobowego i wypadkowego os\u00f3b fizycznych prowadz\u0105cych dzia\u0142alno\u015b\u0107 gospodarcz\u0105, os\u00f3b wsp\u00f3\u0142pracuj\u0105cych oraz zatrudnionych pracownik\u00f3w\/zleceniobiorc\u00f3w<br \/>\npe\u0142nienie funkcji pe\u0142nomocnika og\u00f3lnego w sprawach z zakresu ZUS z wykorzystaniem us\u0142ug dost\u0119pnych elektronicznie na platformie ZUS PUE, w tym monitorowanie elektronicznych za\u015bwiadcze\u0144 lekarskich i kont p\u0142atnik\u00f3w, wnioskowanie o za\u015bwiadczenia,<br \/>\nsporz\u0105dzanie rocznych za\u015bwiadcze\u0144 IMIR, IWA<\/p>\n<p>[\/et_pb_toggle][et_pb_toggle title=&#8221;5. Kontrole, GUS, RODO, PPK\/PPE&#8221; closed_toggle_text_color=&#8221;#ffffff&#8221; closed_toggle_background_color=&#8221;#2e2757 &#8221; icon_color=&#8221;#c5310d&#8221; _builder_version=&#8221;3.17.2&#8243; box_shadow_style=&#8221;preset2&#8243; animation_style=&#8221;fold&#8221;]<\/p>\n<p>przygotowywanie dokument\u00f3w dla organ\u00f3w kontroluj\u0105cych oraz uczestniczenie w procesie kontroli;<br \/>\nsporz\u0105dzanie sprawozda\u0144 z zakresie spraw personalnych okre\u015blonych przez odpowiednie przepisy prawa do G\u0142\u00f3wnego Urz\u0119du Statystycznego<br \/>\nwdra\u017canie i rozliczanie PPK lub PPE<br \/>\nwdra\u017canie RODO<\/p>\n<p>[\/et_pb_toggle][et_pb_toggle title=&#8221;6. Nowo\u015bci i inne&#8221; closed_toggle_text_color=&#8221;#ffffff&#8221; closed_toggle_background_color=&#8221;#2e2757 &#8221; icon_color=&#8221;#c5310d&#8221; _builder_version=&#8221;3.17.2&#8243; box_shadow_style=&#8221;preset2&#8243; animation_style=&#8221;fold&#8221;]<\/p>\n<p>Przygotowanie wniosk\u00f3w do TARCZY<br \/>\nPracujemy na programach kadrowo-p\u0142acowych ENOVA, OPTIMA, SYMFONIA, P\u0141ATNIK<br \/>\nSporz\u0105dzanie zestawie\u0144, raport\u00f3w i analiz z zakresu administracji kadr<br \/>\nPrzygotowujemy przelewy bankowe dla pracownik\u00f3w, do ZUS , US<br \/>\nKontakty z klientami wg potrzeb<\/p>\n<p>[\/et_pb_toggle][\/et_pb_column][\/et_pb_row][\/et_pb_section]<\/p>\n","protected":false},"excerpt":{"rendered":"<p>&nbsp; &nbsp; &nbsp; &nbsp; &nbsp; &nbsp; &nbsp; &nbsp; &nbsp; US\u0141UGI KADROWO-P\u0141ACOWE \u00a0 Zapewniamy kompleksow\u0105 obs\u0142ug\u0119 kadrowo-p\u0142acow\u0105. Profesjonalna i rzetelnie prowadzona dokumentacja stanowi kluczowy element funkcjonowania ka\u017cdej firmy. Z do\u015bwiadczenia wiemy, \u017ce zgodne z przepisami rozliczenia wynagrodze\u0144 oraz prawid\u0142owo uporz\u0105dkowana dokumentacja kadrowo-p\u0142acowa istotnie wp\u0142ywa na bezpiecze\u0144stwo prowadzonej dzia\u0142alno\u015bci. Oferujemy pomoc we wszelkich obowi\u0105zkach zwi\u0105zanych z naliczaniem [&hellip;]<\/p>\n","protected":false},"author":2,"featured_media":0,"parent":0,"menu_order":0,"comment_status":"closed","ping_status":"closed","template":"","meta":{"_et_pb_use_builder":"on","_et_pb_old_content":"","_et_gb_content_width":"","footnotes":""},"class_list":["post-490","page","type-page","status-publish","hentry"],"_links":{"self":[{"href":"https:\/\/constans-group.pl\/index.php?rest_route=\/wp\/v2\/pages\/490","targetHints":{"allow":["GET"]}}],"collection":[{"href":"https:\/\/constans-group.pl\/index.php?rest_route=\/wp\/v2\/pages"}],"about":[{"href":"https:\/\/constans-group.pl\/index.php?rest_route=\/wp\/v2\/types\/page"}],"author":[{"embeddable":true,"href":"https:\/\/constans-group.pl\/index.php?rest_route=\/wp\/v2\/users\/2"}],"replies":[{"embeddable":true,"href":"https:\/\/constans-group.pl\/index.php?rest_route=%2Fwp%2Fv2%2Fcomments&post=490"}],"version-history":[{"count":2,"href":"https:\/\/constans-group.pl\/index.php?rest_route=\/wp\/v2\/pages\/490\/revisions"}],"predecessor-version":[{"id":497,"href":"https:\/\/constans-group.pl\/index.php?rest_route=\/wp\/v2\/pages\/490\/revisions\/497"}],"wp:attachment":[{"href":"https:\/\/constans-group.pl\/index.php?rest_route=%2Fwp%2Fv2%2Fmedia&parent=490"}],"curies":[{"name":"wp","href":"https:\/\/api.w.org\/{rel}","templated":true}]}}