{"id":444,"date":"2020-09-18T17:41:19","date_gmt":"2020-09-18T15:41:19","guid":{"rendered":"http:\/\/constans-group.pl\/?page_id=444"},"modified":"2026-01-20T08:22:47","modified_gmt":"2026-01-20T07:22:47","slug":"constans","status":"publish","type":"page","link":"https:\/\/constans-group.pl\/","title":{"rendered":"CONSTANS"},"content":{"rendered":"<p>[et_pb_section fb_built=&#8221;1&#8243; fullwidth=&#8221;on&#8221; admin_label=&#8221;Hero&#8221; _builder_version=&#8221;4.16&#8243; parallax=&#8221;on&#8221; custom_padding=&#8221;0px|0|0|5px|false|false&#8221; border_color_all=&#8221;#c5310d&#8221; global_colors_info=&#8221;{}&#8221;][et_pb_fullwidth_slider _builder_version=&#8221;4.16&#8243; background_image=&#8221;https:\/\/constans-group.pl\/wp-content\/uploads\/2020\/09\/q2.jpg&#8221; box_shadow_style=&#8221;preset3&#8243; global_colors_info=&#8221;{}&#8221;][et_pb_slide use_bg_overlay=&#8221;on&#8221; _builder_version=&#8221;4.16&#8243; background_image=&#8221;https:\/\/constans-group.pl\/wp-content\/uploads\/2020\/10\/baner_5.jpg&#8221; global_colors_info=&#8221;{}&#8221; sticky_transition=&#8221;on&#8221;]&nbsp;<\/p>\n<p>&nbsp;<\/p>\n<p>&nbsp;<\/p>\n<p>&nbsp;<br \/>\n[\/et_pb_slide][\/et_pb_fullwidth_slider][\/et_pb_section][et_pb_section fb_built=&#8221;1&#8243; admin_label=&#8221;Our Services&#8221; _builder_version=&#8221;4.16&#8243; background_image=&#8221;https:\/\/constans-group.pl\/wp-content\/uploads\/2020\/09\/BAC_1-scaled.jpg&#8221; custom_padding=&#8221;54px|0px|33px|0px|false|false&#8221; global_colors_info=&#8221;{}&#8221;][et_pb_row column_structure=&#8221;1_2,1_2&#8243; _builder_version=&#8221;4.16&#8243; global_colors_info=&#8221;{}&#8221;][et_pb_column type=&#8221;1_2&#8243; _builder_version=&#8221;4.16&#8243; custom_padding=&#8221;|||&#8221; global_colors_info=&#8221;{}&#8221; custom_padding__hover=&#8221;|||&#8221;][et_pb_image align_tablet=&#8221;center&#8221; align_phone=&#8221;center&#8221; align_last_edited=&#8221;on|desktop&#8221; _builder_version=&#8221;4.16&#8243; animation_style=&#8221;zoom&#8221; global_colors_info=&#8221;{}&#8221;][\/et_pb_image][\/et_pb_column][et_pb_column type=&#8221;1_2&#8243; _builder_version=&#8221;4.16&#8243; custom_padding=&#8221;|||&#8221; global_colors_info=&#8221;{}&#8221; custom_padding__hover=&#8221;|||&#8221;][et_pb_text _builder_version=&#8221;4.16&#8243; global_colors_info=&#8221;{}&#8221;]<\/p>\n<p style=\"text-align: right;\"><span style=\"font-size: large;\"><strong><span style=\"color: #c10020;\">Po\u0142\u0105czenie si\u0142 to pocz\u0105tek, pozostanie razem to post\u0119p, wsp\u00f3lna praca to sukces<\/span><\/strong><\/span><\/p>\n<p style=\"text-align: right;\"><span style=\"font-size: large;\"><strong><span style=\"color: #c10020;\"><em>Henry Ford<\/em><\/span><\/strong><\/span><\/p>\n<p>[\/et_pb_text][\/et_pb_column][\/et_pb_row][et_pb_row _builder_version=&#8221;4.19.1&#8243; _module_preset=&#8221;default&#8221; global_colors_info=&#8221;{}&#8221;][et_pb_column type=&#8221;4_4&#8243; _builder_version=&#8221;4.19.1&#8243; _module_preset=&#8221;default&#8221; global_colors_info=&#8221;{}&#8221;][\/et_pb_column][\/et_pb_row][et_pb_row _builder_version=&#8221;4.16&#8243; global_colors_info=&#8221;{}&#8221;][et_pb_column type=&#8221;4_4&#8243; _builder_version=&#8221;4.16&#8243; custom_padding=&#8221;|||&#8221; global_colors_info=&#8221;{}&#8221; custom_padding__hover=&#8221;|||&#8221;][et_pb_text _builder_version=&#8221;4.27.4&#8243; text_font=&#8221;||||||||&#8221; text_text_color=&#8221;#1a0052&#8243; text_font_size=&#8221;27px&#8221; text_letter_spacing=&#8221;1px&#8221; text_line_height=&#8221;1em&#8221; header_font=&#8221;||||||||&#8221; header_text_color=&#8221;#1a0052&#8243; hover_enabled=&#8221;0&#8243; inline_fonts=&#8221;Verdana&#8221; global_colors_info=&#8221;{}&#8221; sticky_enabled=&#8221;0&#8243;]<\/p>\n<h3 style=\"text-align: center;\"><strong>O NAS<\/strong><\/h3>\n<p style=\"text-align: center;\"><span style=\"font-family: Verdana; font-weight: normal; font-size: large;\"><strong>Constans Group<\/strong> \u2013 to firma specjalizuj\u0105ca si\u0119 w prowadzeniu kompleksowej obs\u0142ugi kadrowo-p\u0142acowej, ksi\u0119gowo-podatkowej, oraz doradztwa w zakresie PFRON.<\/span><\/p>\n<p style=\"text-align: center;\"><span style=\"font-family: Verdana; font-weight: normal; font-size: large;\">Wyr\u00f3\u017cnia nas ponad <strong>16 letnie do\u015bwiadczenie<\/strong>, rzetelno\u015b\u0107, wiedza oraz zdobyte uznania w\u015br\u00f3d klient\u00f3w, kt\u00f3re pozwoli\u0142o nam na nawi\u0105zanie sta\u0142ej wsp\u00f3\u0142pracy z wieloma firmami na terenie ca\u0142ego kraju.<\/span><\/p>\n<p style=\"text-align: center;\"><span style=\"font-family: Verdana; font-weight: normal; font-size: large;\">Naszymi klientami s\u0105 firmy z kapita\u0142em polskim i zagranicznym, o r\u00f3\u017cnorodnych profilach dzia\u0142alno\u015bci: handlowej, us\u0142ugowej, transportowej, edukacyjnej, a tak\u017ce produkcyjnej. \u015awiadczymy us\u0142ugi zar\u00f3wno dla sp\u00f3\u0142ek prawa handlowego, sp\u00f3\u0142ek cywilnych jak i r\u00f3wnie\u017c przedsi\u0119biorc\u00f3w dzia\u0142aj\u0105cych jako osoby fizyczne prowadz\u0105ce dzia\u0142alno\u015bci gospodarcze.<\/span><\/p>\n<p style=\"text-align: center;\"><span style=\"font-family: Verdana; font-weight: normal; font-size: large;\">Mamy \u015bwiadomo\u015b\u0107 swojej warto\u015bci i mocnych stron oraz wiemy jak sprosta\u0107 oczekiwaniom najbardziej wymagaj\u0105cych klient\u00f3w. Dbamy o najwy\u017csze standardy na ka\u017cdym etapie wsp\u00f3\u0142pracy. Kompetencje poparte wieloletnim do\u015bwiadczeniem, skuteczno\u015b\u0107 i kompleksowa obs\u0142uga oraz pe\u0142ne wsparcie w realizacji us\u0142ug to nasze niekwestionowane atuty.<\/span><\/p>\n<p>[\/et_pb_text][\/et_pb_column][\/et_pb_row][et_pb_row _builder_version=&#8221;4.16&#8243; custom_padding=&#8221;27px|0px|2px|0px|false|false&#8221; global_colors_info=&#8221;{}&#8221;][et_pb_column type=&#8221;4_4&#8243; _builder_version=&#8221;4.16&#8243; custom_padding=&#8221;|||&#8221; global_colors_info=&#8221;{}&#8221; custom_padding__hover=&#8221;|||&#8221;][et_pb_divider _builder_version=&#8221;4.16&#8243; global_colors_info=&#8221;{}&#8221;][\/et_pb_divider][\/et_pb_column][\/et_pb_row][et_pb_row column_structure=&#8221;1_3,1_3,1_3&#8243; use_custom_gutter=&#8221;on&#8221; gutter_width=&#8221;4&#8243; _builder_version=&#8221;4.16&#8243; max_width=&#8221;887px&#8221; module_alignment=&#8221;center&#8221; custom_margin=&#8221;|||&#8221; custom_padding=&#8221;|||&#8221; use_custom_width=&#8221;on&#8221; custom_width_px=&#8221;887px&#8221; global_colors_info=&#8221;{}&#8221;][et_pb_column type=&#8221;1_3&#8243; _builder_version=&#8221;4.16&#8243; custom_padding=&#8221;|||&#8221; global_colors_info=&#8221;{}&#8221; custom_padding__hover=&#8221;|||&#8221;][et_pb_image src=&#8221;https:\/\/constans-group.pl\/wp-content\/uploads\/2020\/10\/ik1.png&#8221; url=&#8221;https:\/\/constans-group.pl\/?page_id=479&#8243; align_tablet=&#8221;center&#8221; align_phone=&#8221;center&#8221; align_last_edited=&#8221;on|desktop&#8221; _builder_version=&#8221;4.16&#8243; animation_style=&#8221;fold&#8221; global_colors_info=&#8221;{}&#8221;][\/et_pb_image][\/et_pb_column][et_pb_column type=&#8221;1_3&#8243; _builder_version=&#8221;4.16&#8243; custom_padding=&#8221;|||&#8221; global_colors_info=&#8221;{}&#8221; custom_padding__hover=&#8221;|||&#8221;][et_pb_image src=&#8221;https:\/\/constans-group.pl\/wp-content\/uploads\/2020\/10\/ik2.png&#8221; url=&#8221;https:\/\/constans-group.pl\/?page_id=490&#8243; align_tablet=&#8221;center&#8221; align_phone=&#8221;center&#8221; align_last_edited=&#8221;on|desktop&#8221; _builder_version=&#8221;4.16&#8243; animation_style=&#8221;fold&#8221; global_colors_info=&#8221;{}&#8221;][\/et_pb_image][\/et_pb_column][et_pb_column type=&#8221;1_3&#8243; _builder_version=&#8221;4.16&#8243; custom_padding=&#8221;|||&#8221; global_colors_info=&#8221;{}&#8221; custom_padding__hover=&#8221;|||&#8221;][et_pb_image src=&#8221;https:\/\/constans-group.pl\/wp-content\/uploads\/2020\/10\/ik3.png&#8221; url=&#8221;https:\/\/constans-group.pl\/?page_id=498&#8243; align_tablet=&#8221;center&#8221; align_phone=&#8221;center&#8221; align_last_edited=&#8221;on|desktop&#8221; _builder_version=&#8221;4.16&#8243; animation_style=&#8221;fold&#8221; global_colors_info=&#8221;{}&#8221;][\/et_pb_image][\/et_pb_column][\/et_pb_row][et_pb_row _builder_version=&#8221;4.16&#8243; global_colors_info=&#8221;{}&#8221;][et_pb_column type=&#8221;4_4&#8243; _builder_version=&#8221;4.16&#8243; custom_padding=&#8221;|||&#8221; global_colors_info=&#8221;{}&#8221; custom_padding__hover=&#8221;|||&#8221;][et_pb_divider _builder_version=&#8221;4.16&#8243; global_colors_info=&#8221;{}&#8221;][\/et_pb_divider][\/et_pb_column][\/et_pb_row][et_pb_row _builder_version=&#8221;4.16&#8243; global_colors_info=&#8221;{}&#8221;][et_pb_column type=&#8221;4_4&#8243; _builder_version=&#8221;4.16&#8243; custom_padding=&#8221;|||&#8221; global_colors_info=&#8221;{}&#8221; custom_padding__hover=&#8221;|||&#8221;][et_pb_text _builder_version=&#8221;4.16&#8243; global_colors_info=&#8221;{}&#8221;]<\/p>\n<h2 style=\"text-align: center;\"><span style=\"color: #2e2757;\"><strong>NASZE ATUTY<\/strong><\/span><\/h2>\n<p>[\/et_pb_text][\/et_pb_column][\/et_pb_row][et_pb_row column_structure=&#8221;1_4,1_4,1_4,1_4&#8243; use_custom_gutter=&#8221;on&#8221; gutter_width=&#8221;4&#8243; _builder_version=&#8221;4.16&#8243; max_width=&#8221;813px&#8221; use_custom_width=&#8221;on&#8221; custom_width_px=&#8221;813px&#8221; global_colors_info=&#8221;{}&#8221;][et_pb_column type=&#8221;1_4&#8243; _builder_version=&#8221;4.16&#8243; custom_padding=&#8221;|||&#8221; global_colors_info=&#8221;{}&#8221; custom_padding__hover=&#8221;|||&#8221;][et_pb_text _builder_version=&#8221;4.16&#8243; animation_style=&#8221;fold&#8221; global_colors_info=&#8221;{}&#8221;] <img loading=\"lazy\" decoding=\"async\" class=\"wp-image-385 alignnone size-medium\" src=\"https:\/\/constans-group.pl\/wp-content\/uploads\/2020\/09\/wiedza_icon-300x300-1.png\" alt=\"\" width=\"300\" height=\"300\" \/><\/p>\n<p style=\"text-align: center;\"><strong>Wiedza i do\u015bwiadczenie<\/strong><br \/>\npracownicy naszego biura rachunkowego posiadaj\u0105 odpowiednie kwalifikacje oraz wieloletnie do\u015bwiadczenie zawodowe<\/p>\n<p>[\/et_pb_text][\/et_pb_column][et_pb_column type=&#8221;1_4&#8243; _builder_version=&#8221;4.16&#8243; custom_padding=&#8221;|||&#8221; global_colors_info=&#8221;{}&#8221; custom_padding__hover=&#8221;|||&#8221;][et_pb_text _builder_version=&#8221;4.16&#8243; animation_style=&#8221;fold&#8221; global_colors_info=&#8221;{}&#8221;]<\/p>\n<p style=\"text-align: center;\"><strong><img loading=\"lazy\" decoding=\"async\" class=\"wp-image-386 alignnone size-medium\" src=\"https:\/\/constans-group.pl\/wp-content\/uploads\/2020\/09\/bezpiecz_icon-300x300-1.png\" alt=\"\" width=\"300\" height=\"300\" \/><\/strong><\/p>\n<p style=\"text-align: center;\"><strong>Bezpiecze\u0144stwo<\/strong><br \/>\ngwarantujemy, \u017ce powierzone nam dane oraz dokumenty b\u0119d\u0105 zachowane w pe\u0142nej tajemnicy zawodowej zgodnie z Rozporz\u0105dzeniem RODO<\/p>\n<p>[\/et_pb_text][\/et_pb_column][et_pb_column type=&#8221;1_4&#8243; _builder_version=&#8221;4.16&#8243; custom_padding=&#8221;|||&#8221; global_colors_info=&#8221;{}&#8221; custom_padding__hover=&#8221;|||&#8221;][et_pb_text _builder_version=&#8221;4.16&#8243; animation_style=&#8221;fold&#8221; global_colors_info=&#8221;{}&#8221;]<\/p>\n<p style=\"text-align: center;\"><strong><img loading=\"lazy\" decoding=\"async\" class=\"wp-image-387 alignnone size-medium\" src=\"https:\/\/constans-group.pl\/wp-content\/uploads\/2020\/09\/elast_icon-300x300-1.png\" alt=\"\" width=\"300\" height=\"300\" \/><\/strong><\/p>\n<p style=\"text-align: center;\"><strong>Elastyczno\u015b\u0107<\/strong><br \/>\nnasze us\u0142ugi w pe\u0142ni dopasowujemy do Pa\u0144stwa potrzeb<\/p>\n<p>[\/et_pb_text][\/et_pb_column][et_pb_column type=&#8221;1_4&#8243; _builder_version=&#8221;4.16&#8243; custom_padding=&#8221;|||&#8221; global_colors_info=&#8221;{}&#8221; custom_padding__hover=&#8221;|||&#8221;][et_pb_text _builder_version=&#8221;4.16&#8243; animation_style=&#8221;fold&#8221; global_colors_info=&#8221;{}&#8221;]<\/p>\n<p style=\"text-align: center;\"><img loading=\"lazy\" decoding=\"async\" class=\"wp-image-388 alignnone size-medium\" src=\"https:\/\/constans-group.pl\/wp-content\/uploads\/2020\/09\/termin_icon-300x300-1.png\" alt=\"\" width=\"300\" height=\"300\" \/><\/p>\n<p style=\"text-align: center;\"><strong>Terminowo\u015b\u0107<\/strong><br \/>\nwsp\u00f3\u0142pracuj\u0105c z naszym biurem rachunkowym mo\u017cesz mie\u0107 pewno\u015b\u0107, \u017ce nie przekroczysz \u017cadnych wa\u017cnych termin\u00f3w<\/p>\n<p>[\/et_pb_text][\/et_pb_column][\/et_pb_row][et_pb_row _builder_version=&#8221;4.16&#8243; global_colors_info=&#8221;{}&#8221;][et_pb_column type=&#8221;4_4&#8243; _builder_version=&#8221;4.16&#8243; custom_padding=&#8221;|||&#8221; global_colors_info=&#8221;{}&#8221; custom_padding__hover=&#8221;|||&#8221;][et_pb_divider _builder_version=&#8221;4.16&#8243; global_colors_info=&#8221;{}&#8221;][\/et_pb_divider][\/et_pb_column][\/et_pb_row][et_pb_row _builder_version=&#8221;4.16&#8243; custom_padding=&#8221;54px|0px|13px|0px|false|false&#8221; global_colors_info=&#8221;{}&#8221;][et_pb_column type=&#8221;4_4&#8243; _builder_version=&#8221;4.16&#8243; custom_padding=&#8221;|||&#8221; global_colors_info=&#8221;{}&#8221; custom_padding__hover=&#8221;|||&#8221;][et_pb_text _builder_version=&#8221;4.16&#8243; global_colors_info=&#8221;{}&#8221;]<\/p>\n<h2 style=\"text-align: center;\"><span style=\"color: #2e2757;\"><strong>ZAPRASZAMY DO WSP\u00d3\u0141PRACY<\/strong><\/span><\/h2>\n<p>[\/et_pb_text][\/et_pb_column][\/et_pb_row][et_pb_row _builder_version=&#8221;4.16&#8243; global_colors_info=&#8221;{}&#8221;][et_pb_column type=&#8221;4_4&#8243; _builder_version=&#8221;4.16&#8243; custom_padding=&#8221;|||&#8221; global_colors_info=&#8221;{}&#8221; custom_padding__hover=&#8221;|||&#8221;][et_pb_button button_url=&#8221;https:\/\/constans-group.pl\/?page_id=546&#8243; button_text=&#8221;UM\u00d3W SI\u0118 NA SPOTKANIE&#8221; button_alignment=&#8221;center&#8221; _builder_version=&#8221;4.16&#8243; custom_button=&#8221;on&#8221; button_text_color=&#8221;#c5310d&#8221; button_bg_color=&#8221;#ffffff&#8221; button_font=&#8221;||||||||&#8221; button_icon=&#8221;&#xe025;||divi||400&#8243; button_icon_color=&#8221;#c5310d&#8221; animation_style=&#8221;zoom&#8221; button_text_shadow_style=&#8221;preset1&#8243; box_shadow_style=&#8221;preset3&#8243; global_colors_info=&#8221;{}&#8221;][\/et_pb_button][\/et_pb_column][\/et_pb_row][\/et_pb_section]<\/p>\n","protected":false},"excerpt":{"rendered":"<p>&nbsp; &nbsp; &nbsp; &nbsp; Po\u0142\u0105czenie si\u0142 to pocz\u0105tek, pozostanie razem to post\u0119p, wsp\u00f3lna praca to sukces Henry Ford O NAS Constans Group \u2013 to firma specjalizuj\u0105ca si\u0119 w prowadzeniu kompleksowej obs\u0142ugi kadrowo-p\u0142acowej, ksi\u0119gowo-podatkowej, oraz doradztwa w zakresie PFRON. Wyr\u00f3\u017cnia nas ponad 16 letnie do\u015bwiadczenie, rzetelno\u015b\u0107, wiedza oraz zdobyte uznania w\u015br\u00f3d klient\u00f3w, kt\u00f3re pozwoli\u0142o nam na [&hellip;]<\/p>\n","protected":false},"author":2,"featured_media":0,"parent":0,"menu_order":0,"comment_status":"closed","ping_status":"closed","template":"","meta":{"_et_pb_use_builder":"on","_et_pb_old_content":"","_et_gb_content_width":"","footnotes":""},"class_list":["post-444","page","type-page","status-publish","hentry"],"_links":{"self":[{"href":"https:\/\/constans-group.pl\/index.php?rest_route=\/wp\/v2\/pages\/444","targetHints":{"allow":["GET"]}}],"collection":[{"href":"https:\/\/constans-group.pl\/index.php?rest_route=\/wp\/v2\/pages"}],"about":[{"href":"https:\/\/constans-group.pl\/index.php?rest_route=\/wp\/v2\/types\/page"}],"author":[{"embeddable":true,"href":"https:\/\/constans-group.pl\/index.php?rest_route=\/wp\/v2\/users\/2"}],"replies":[{"embeddable":true,"href":"https:\/\/constans-group.pl\/index.php?rest_route=%2Fwp%2Fv2%2Fcomments&post=444"}],"version-history":[{"count":27,"href":"https:\/\/constans-group.pl\/index.php?rest_route=\/wp\/v2\/pages\/444\/revisions"}],"predecessor-version":[{"id":790,"href":"https:\/\/constans-group.pl\/index.php?rest_route=\/wp\/v2\/pages\/444\/revisions\/790"}],"wp:attachment":[{"href":"https:\/\/constans-group.pl\/index.php?rest_route=%2Fwp%2Fv2%2Fmedia&parent=444"}],"curies":[{"name":"wp","href":"https:\/\/api.w.org\/{rel}","templated":true}]}}